{"id":1169,"date":"2019-10-30T11:30:08","date_gmt":"2019-10-30T11:30:08","guid":{"rendered":"http:\/\/gabi.extendstudio.net\/hub\/?page_id=1169"},"modified":"2021-07-05T23:59:57","modified_gmt":"2021-07-05T21:59:57","slug":"contact","status":"publish","type":"page","link":"https:\/\/polubownysad.pl\/index.php\/contact\/","title":{"rendered":"Kontakt"},"content":{"rendered":"<div data-colibri-id=\"1169-c1\" class=\"style-813 style-local-1169-c1 position-relative\">\n  <!---->\n  <div data-colibri-component=\"section\" data-colibri-id=\"1169-c2\" id=\"contact-info\" class=\"h-section h-section-global-spacing d-flex align-items-lg-center align-items-md-center align-items-center style-818 style-local-1169-c2 position-relative\">\n    <!---->\n    <!---->\n    <div class=\"h-section-grid-container h-section-boxed-container\">\n      <!---->\n      <div data-colibri-id=\"1169-c3\" class=\"h-row-container gutters-row-lg-2 gutters-row-md-2 gutters-row-2 gutters-row-v-lg-2 gutters-row-v-md-2 gutters-row-v-2 style-819 style-local-1169-c3 position-relative\">\n        <!---->\n        <div class=\"h-row justify-content-lg-center justify-content-md-center justify-content-center align-items-lg-stretch align-items-md-stretch align-items-stretch gutters-col-lg-2 gutters-col-md-2 gutters-col-2 gutters-col-v-lg-2 gutters-col-v-md-2 gutters-col-v-2\">\n          <!---->\n          <div class=\"h-column h-column-container d-flex h-col-lg-4 h-col-md-6 h-col-12 style-820-outer style-local-1169-c4-outer\">\n            <div data-colibri-id=\"1169-c4\" class=\"d-flex h-flex-basis h-column__inner h-px-lg-3 h-px-md-3 h-px-3 v-inner-lg-3 v-inner-md-3 v-inner-3 style-820 style-local-1169-c4 position-relative\">\n              <!---->\n              <!---->\n              <div class=\"w-100 h-y-container h-column__content h-column__v-align flex-basis-100 align-self-lg-start align-self-md-start align-self-start\">\n                <!---->\n                <div data-colibri-id=\"1169-c5\" class=\"h-global-transition-all h-heading style-832 style-local-1169-c5 position-relative h-element\">\n                  <!---->\n                  <div class=\"h-heading__outer style-832 style-local-1169-c5\">\n                    <!---->\n                    <!---->\n                    <h4 class=\"\">Tomasz Zi\u00f3\u0142kowski<\/h4>\n                  <\/div>\n                <\/div>\n                <div data-colibri-id=\"1169-c6\" class=\"style-840 style-local-1169-c6 position-relative h-element\">\n                  <!---->\n                <\/div>\n                <div data-colibri-id=\"1169-c7\" class=\"h-text h-text-component style-833 style-local-1169-c7 position-relative h-element\">\n                  <!---->\n                  <!---->\n                  <div class=\"\">\n                    <p>ul. \u015ar\u00f3dmiejska 13\/3<\/p>\n                  <\/div>\n                <\/div>\n                <div data-colibri-id=\"1169-c8\" class=\"h-text h-text-component style-833 style-local-1169-c8 position-relative h-element\">\n                  <!---->\n                  <!---->\n                  <div class=\"\">\n                    <p>62 \u2013 800 Kalisz<\/p>\n                  <\/div>\n                <\/div>\n                <div data-colibri-id=\"1169-c9\" class=\"h-x-container style-835 style-local-1169-c9 position-relative h-element\">\n                  <!---->\n                  <div class=\"h-x-container-inner style-dynamic-1169-c9-group style-835-spacing style-local-1169-c9-spacing\"><span class=\"h-link__outer style-836-outer style-local-1169-c10-outer d-inline-flex h-element\"><a h-use-smooth-scroll=\"true\" href=\"tel: 512118789\"  data-colibri-id=\"1169-c10\" class=\"d-flex w-100 align-items-center h-link style-836 style-local-1169-c10 position-relative\"><!----><!----> <span>Tel. kom. 512 118 789<\/span><\/a>\n                    <\/span>\n                  <\/div>\n                <\/div>\n                <div data-colibri-id=\"1169-c11\" class=\"h-x-container style-864 style-local-1169-c11 position-relative h-element\">\n                  <!---->\n                  <div class=\"h-x-container-inner style-dynamic-1169-c11-group style-864-spacing style-local-1169-c11-spacing\"><span class=\"h-link__outer style-871-outer style-local-1169-c12-outer d-inline-flex h-element\"><a h-use-smooth-scroll=\"true\" href=\"\"  data-colibri-id=\"1169-c12\" class=\"d-flex w-100 align-items-center h-link style-871 style-local-1169-c12 position-relative\"><!----><!----> <span>tziolkowski@radca.kalisz.pl<\/span><\/a>\n                    <\/span>\n                  <\/div>\n                <\/div>\n                <div data-colibri-id=\"1169-c13\" class=\"style-840 style-local-1169-c13 position-relative h-element\">\n                  <!---->\n                <\/div>\n              <\/div>\n            <\/div>\n          <\/div>\n          <div class=\"h-column h-column-container d-flex h-col-lg-4 h-col-md-6 h-col-12 style-820-outer style-local-1169-c14-outer\">\n            <div data-colibri-id=\"1169-c14\" class=\"d-flex h-flex-basis h-column__inner h-px-lg-3 h-px-md-3 h-px-3 v-inner-lg-3 v-inner-md-3 v-inner-3 style-820 style-local-1169-c14 position-relative\">\n              <!---->\n              <!---->\n              <div class=\"w-100 h-y-container h-column__content h-column__v-align flex-basis-100 align-self-lg-start align-self-md-start align-self-start\">\n                <!---->\n                <div data-colibri-id=\"1169-c15\" class=\"h-global-transition-all h-heading style-832 style-local-1169-c15 position-relative h-element\">\n                  <!---->\n                  <div class=\"h-heading__outer style-832 style-local-1169-c15\">\n                    <!---->\n                    <!---->\n                    <h4 class=\"\">Marzena Zi\u00f3\u0142kowska<\/h4>\n                  <\/div>\n                <\/div>\n                <div data-colibri-id=\"1169-c16\" class=\"style-840 style-local-1169-c16 position-relative h-element\">\n                  <!---->\n                <\/div>\n                <div data-colibri-id=\"1169-c17\" class=\"h-text h-text-component style-833 style-local-1169-c17 position-relative h-element\">\n                  <!---->\n                  <!---->\n                  <div class=\"\">\n                    <p>ul. \u015ar\u00f3dmiejska 13\/3<\/p>\n                  <\/div>\n                <\/div>\n                <div data-colibri-id=\"1169-c18\" class=\"h-text h-text-component style-833 style-local-1169-c18 position-relative h-element\">\n                  <!---->\n                  <!---->\n                  <div class=\"\">\n                    <p>62 \u2013 800 Kalisz<\/p>\n                  <\/div>\n                <\/div>\n                <div data-colibri-id=\"1169-c19\" class=\"h-x-container style-835 style-local-1169-c19 position-relative h-element\">\n                  <!---->\n                  <div class=\"h-x-container-inner style-dynamic-1169-c19-group style-835-spacing style-local-1169-c19-spacing\"><span class=\"h-link__outer style-836-outer style-local-1169-c20-outer d-inline-flex h-element\"><a h-use-smooth-scroll=\"true\" href=\"tel: 512 291 589\"  data-colibri-id=\"1169-c20\" class=\"d-flex w-100 align-items-center h-link style-836 style-local-1169-c20 position-relative\"><!----><!----> <span>Tel. kom. 512 291 589<\/span><\/a>\n                    <\/span>\n                  <\/div>\n                <\/div>\n                <div data-colibri-id=\"1169-c21\" class=\"h-x-container style-866 style-local-1169-c21 position-relative h-element\">\n                  <!---->\n                  <div class=\"h-x-container-inner style-dynamic-1169-c21-group style-866-spacing style-local-1169-c21-spacing\"><span class=\"h-link__outer style-868-outer style-local-1169-c22-outer d-inline-flex h-element\"><a h-use-smooth-scroll=\"true\" href=\"\"  data-colibri-id=\"1169-c22\" class=\"d-flex w-100 align-items-center h-link style-868 style-local-1169-c22 position-relative\"><!----><!----> <span>mziolkowska@radca.kalisz.pl<\/span><\/a>\n                    <\/span>\n                  <\/div>\n                <\/div>\n                <div data-colibri-id=\"1169-c23\" class=\"style-840 style-local-1169-c23 position-relative h-element\">\n                  <!---->\n                <\/div>\n              <\/div>\n            <\/div>\n          <\/div>\n          <div class=\"h-column h-column-container d-flex h-col-lg-4 h-col-md-6 h-col-12 style-820-outer style-local-1169-c24-outer\">\n            <div data-colibri-id=\"1169-c24\" class=\"d-flex h-flex-basis h-column__inner h-px-lg-3 h-px-md-3 h-px-3 v-inner-lg-3 v-inner-md-3 v-inner-3 style-820 style-local-1169-c24 position-relative\">\n              <!---->\n              <!---->\n              <div class=\"w-100 h-y-container h-column__content h-column__v-align flex-basis-100 align-self-lg-start align-self-md-start align-self-start\">\n                <!---->\n                <div data-colibri-id=\"1169-c25\" class=\"h-global-transition-all h-heading style-832 style-local-1169-c25 position-relative h-element\">\n                  <!---->\n                  <div class=\"h-heading__outer style-832 style-local-1169-c25\">\n                    <!---->\n                    <!---->\n                    <h4 class=\"\">Kancelaria<\/h4>\n                  <\/div>\n                <\/div>\n                <div data-colibri-id=\"1169-c26\" class=\"style-840 style-local-1169-c26 position-relative h-element\">\n                  <!---->\n                <\/div>\n                <div data-colibri-id=\"1169-c27\" class=\"h-text h-text-component style-833 style-local-1169-c27 position-relative h-element\">\n                  <!---->\n                  <!---->\n                  <div class=\"\">\n                    <p>ul. \u015ar\u00f3dmiejska 13\/3<\/p>\n                  <\/div>\n                <\/div>\n                <div data-colibri-id=\"1169-c28\" class=\"h-text h-text-component style-833 style-local-1169-c28 position-relative h-element\">\n                  <!---->\n                  <!---->\n                  <div class=\"\">\n                    <p>62 \u2013 800 Kalisz<\/p>\n                  <\/div>\n                <\/div>\n                <div data-colibri-id=\"1169-c29\" class=\"h-x-container style-835 style-local-1169-c29 position-relative h-element\">\n                  <!---->\n                  <div class=\"h-x-container-inner style-dynamic-1169-c29-group style-835-spacing style-local-1169-c29-spacing\"><span class=\"h-link__outer style-836-outer style-local-1169-c30-outer d-inline-flex h-element\"><a h-use-smooth-scroll=\"true\" href=\"tel: 627536742\"  data-colibri-id=\"1169-c30\" class=\"d-flex w-100 align-items-center h-link style-836 style-local-1169-c30 position-relative\"><!----><!----> <span>Tel.\/fax (0-62) 753-67-42<\/span><\/a>\n                    <\/span>\n                  <\/div>\n                <\/div>\n                <div data-colibri-id=\"1169-c31\" class=\"h-x-container style-869 style-local-1169-c31 position-relative h-element\">\n                  <!---->\n                  <div class=\"h-x-container-inner style-dynamic-1169-c31-group style-869-spacing style-local-1169-c31-spacing\"><span class=\"h-link__outer style-865-outer style-local-1169-c32-outer d-inline-flex h-element\"><a h-use-smooth-scroll=\"true\" href=\"\"  data-colibri-id=\"1169-c32\" class=\"d-flex w-100 align-items-center h-link style-865 style-local-1169-c32 position-relative\"><!----><!----> <span>biuro@radca.kalisz.pl<\/span><\/a>\n                    <\/span>\n                  <\/div>\n                <\/div>\n                <div data-colibri-id=\"1169-c33\" class=\"style-840 style-local-1169-c33 position-relative h-element\">\n                  <!---->\n                <\/div>\n              <\/div>\n            <\/div>\n          <\/div>\n        <\/div>\n      <\/div>\n    <\/div>\n  <\/div>\n  <div data-colibri-component=\"section\" data-colibri-id=\"1169-c34\" id=\"contact-form\" class=\"h-section h-section-global-spacing d-flex align-items-lg-center align-items-md-center align-items-center style-823 style-local-1169-c34 position-relative\">\n    <!---->\n    <!---->\n    <div class=\"h-section-grid-container h-section-boxed-container\">\n      <div data-colibri-id=\"1169-c38\" class=\"h-row-container gutters-row-lg-2 gutters-row-md-2 gutters-row-2 gutters-row-v-lg-2 gutters-row-v-md-2 gutters-row-v-2 style-828 style-local-1169-c38 position-relative\">\n        <!---->\n        <div class=\"h-row justify-content-lg-center justify-content-md-center justify-content-center align-items-lg-stretch align-items-md-stretch align-items-stretch gutters-col-lg-2 gutters-col-md-2 gutters-col-2 gutters-col-v-lg-2 gutters-col-v-md-2 gutters-col-v-2\">\n          <!---->\n          <div class=\"h-column h-column-container d-flex h-col-lg-auto h-col-md-auto h-col-auto style-829-outer style-local-1169-c39-outer\">\n            <div data-colibri-id=\"1169-c39\" class=\"d-flex h-flex-basis h-column__inner h-px-lg-2 h-px-md-2 h-px-2 v-inner-lg-2 v-inner-md-2 v-inner-2 style-829 style-local-1169-c39 position-relative\">\n              <!---->\n              <!---->\n              <div class=\"w-100 h-y-container h-column__content h-column__v-align flex-basis-100 align-self-lg-start align-self-md-start align-self-start\">\n                <!---->\n                <div data-colibri-id=\"1169-c40\" class=\"h-global-transition-all h-heading style-830 style-local-1169-c40 position-relative h-element\">\n                  <!---->\n                  <div class=\"h-heading__outer style-830 style-local-1169-c40\">\n                    <!---->\n                    <!---->\n                    <h2 class=\"\">Wy\u015blij wiadomo\u015b\u0107<\/h2>\n                  <\/div>\n                <\/div>\n              <\/div>\n            <\/div>\n          <\/div>\n        <\/div>\n      <\/div>\n      <div data-colibri-id=\"1169-c35\" class=\"h-row-container gutters-row-lg-2 gutters-row-md-2 gutters-row-2 gutters-row-v-lg-2 gutters-row-v-md-2 gutters-row-v-2 style-824 style-local-1169-c35 position-relative\">\n        <!---->\n        <div class=\"h-row justify-content-lg-center justify-content-md-center justify-content-center align-items-lg-stretch align-items-md-stretch align-items-stretch gutters-col-lg-2 gutters-col-md-2 gutters-col-2 gutters-col-v-lg-2 gutters-col-v-md-2 gutters-col-v-2\">\n          <!---->\n          <div class=\"h-column h-column-container d-flex h-col-lg-auto h-col-md-auto h-col-auto style-825-outer style-local-1169-c36-outer\">\n            <div data-colibri-id=\"1169-c36\" class=\"d-flex h-flex-basis h-column__inner h-px-lg-2 h-px-md-2 h-px-2 v-inner-lg-2 v-inner-md-2 v-inner-2 style-825 style-local-1169-c36 position-relative\">\n              <!---->\n              <!---->\n              <div class=\"w-100 h-y-container h-column__content h-column__v-align flex-basis-100 align-self-lg-start align-self-md-start align-self-start\">\n                <!---->\n                <div data-colibri-id=\"1169-c37\" class=\"style-827 style-local-1169-c37 position-relative h-element\">\n                  <!---->\n                  <div class=\"h-global-transition-all h-global-transition h-global-transition-all h-contact-form-shortcode\">\n<div class=\"wpcf7 no-js\" id=\"wpcf7-f1476-o1\" lang=\"en-US\" dir=\"ltr\" data-wpcf7-id=\"1476\">\n<div class=\"screen-reader-response\"><p role=\"status\" aria-live=\"polite\" aria-atomic=\"true\"><\/p> <ul><\/ul><\/div>\n<form action=\"\/index.php\/wp-json\/wp\/v2\/pages\/1169#wpcf7-f1476-o1\" method=\"post\" class=\"wpcf7-form init\" aria-label=\"Contact form\" novalidate=\"novalidate\" data-status=\"init\">\n<fieldset class=\"hidden-fields-container\"><input type=\"hidden\" name=\"_wpcf7\" value=\"1476\" \/><input type=\"hidden\" name=\"_wpcf7_version\" value=\"6.1.5\" \/><input type=\"hidden\" name=\"_wpcf7_locale\" value=\"en_US\" \/><input type=\"hidden\" name=\"_wpcf7_unit_tag\" value=\"wpcf7-f1476-o1\" \/><input type=\"hidden\" name=\"_wpcf7_container_post\" value=\"0\" \/><input type=\"hidden\" name=\"_wpcf7_posted_data_hash\" value=\"\" \/><input type=\"hidden\" name=\"_wpcf7_recaptcha_response\" value=\"\" \/>\n<\/fieldset>\n<p><label><br \/>\n<span class=\"wpcf7-form-control-wrap\" data-name=\"your-name\"><input size=\"40\" maxlength=\"400\" class=\"wpcf7-form-control wpcf7-text wpcf7-validates-as-required\" aria-required=\"true\" aria-invalid=\"false\" placeholder=\"Imi\u0119 i Nazwisko\" value=\"\" type=\"text\" name=\"your-name\" \/><\/span> <\/label>\n<\/p>\n<p><label><br \/>\n<span class=\"wpcf7-form-control-wrap\" data-name=\"your-email\"><input size=\"40\" maxlength=\"400\" class=\"wpcf7-form-control wpcf7-email wpcf7-validates-as-required wpcf7-text wpcf7-validates-as-email\" aria-required=\"true\" aria-invalid=\"false\" placeholder=\"Adress e-mail\" value=\"\" type=\"email\" name=\"your-email\" \/><\/span> <\/label>\n<\/p>\n<p><label><br \/>\n<span class=\"wpcf7-form-control-wrap\" data-name=\"your-message\"><textarea cols=\"40\" rows=\"10\" maxlength=\"2000\" class=\"wpcf7-form-control wpcf7-textarea\" aria-invalid=\"false\" placeholder=\"Wiadomo\u015b\u0107\" name=\"your-message\"><\/textarea><\/span> <\/label>\n<\/p>\n<p><input class=\"wpcf7-form-control wpcf7-submit has-spinner\" type=\"submit\" value=\"Wy\u015blij\" \/>\n<\/p><div class=\"wpcf7-response-output\" aria-hidden=\"true\"><\/div>\n<\/form>\n<\/div>\n<\/div>\n                <\/div>\n              <\/div>\n            <\/div>\n          <\/div>\n        <\/div>\n      <\/div>\n    <\/div>\n  <\/div>\n  <div data-colibri-component=\"section\" data-colibri-id=\"1169-c41\" id=\"map\" class=\"h-section h-section-global-spacing d-flex align-items-lg-center align-items-md-center align-items-center style-814 style-local-1169-c41 position-relative\">\n    <!---->\n    <!---->\n    <div class=\"h-section-grid-container h-section-fluid-container\">\n      <!---->\n      <div data-colibri-id=\"1169-c42\" class=\"h-row-container gutters-row-lg-0 gutters-row-md-0 gutters-row-0 gutters-row-v-lg-0 gutters-row-v-md-0 gutters-row-v-0 style-815 style-local-1169-c42 position-relative\">\n        <!---->\n        <div class=\"h-row justify-content-lg-center justify-content-md-center justify-content-center align-items-lg-stretch align-items-md-stretch align-items-stretch gutters-col-lg-0 gutters-col-md-0 gutters-col-0 gutters-col-v-lg-0 gutters-col-v-md-0 gutters-col-v-0\">\n          <!---->\n          <div class=\"h-column h-column-container d-flex h-col-lg-auto h-col-md-auto h-col-auto style-816-outer style-local-1169-c43-outer\">\n            <div data-colibri-id=\"1169-c43\" class=\"d-flex h-flex-basis h-column__inner h-px-lg-0 h-px-md-0 h-px-0 v-inner-lg-0 v-inner-md-0 v-inner-0 style-816 style-local-1169-c43 position-relative\">\n              <!---->\n              <!---->\n              <div class=\"w-100 h-y-container h-column__content h-column__v-align flex-basis-100 align-self-lg-start align-self-md-start align-self-start\">\n                <!---->\n                <div data-colibri-id=\"1169-c44\" class=\"h-map style-817 style-local-1169-c44 position-relative h-element\" style=\"overflow: hidden;\">\n                  <!---->\n                  <iframe src=\"https:\/\/www.google.com\/maps\/embed\/v1\/place?q=%C5%9Ar%C3%B3dmiejska%2013\/3,%2062%E2%80%93800%20Kalisz&amp;zoom=10&amp;key=AIzaSyBQOE3qt16kRDBAGBfFuMsT2kca2k0TNrU\" class=\"map-iframe\"><\/iframe>\n                <\/div>\n              <\/div>\n            <\/div>\n          <\/div>\n        <\/div>\n      <\/div>\n    <\/div>\n  <\/div>\n<\/div>","protected":false},"excerpt":{"rendered":"<p>Tomasz Zi\u00f3\u0142kowski ul. \u015ar\u00f3dmiejska 13\/3 62 \u2013 800 Kalisz Tel. kom. 512 118 789 tziolkowski@radca.kalisz.pl Marzena Zi\u00f3\u0142kowska ul. \u015ar\u00f3dmiejska 13\/3 62 \u2013 800 Kalisz Tel. kom. 512 291 589 mziolkowska@radca.kalisz.pl Kancelaria ul. \u015ar\u00f3dmiejska 13\/3 62 \u2013 800 Kalisz Tel.\/fax (0-62) 753-67-42 biuro@radca.kalisz.pl Wy\u015blij wiadomo\u015b\u0107<\/p>\n","protected":false},"author":1,"featured_media":0,"parent":0,"menu_order":0,"comment_status":"closed","ping_status":"closed","template":"page-templates\/full-width-page.php","meta":{"footnotes":""},"class_list":["post-1169","page","type-page","status-publish","hentry"],"_links":{"self":[{"href":"https:\/\/polubownysad.pl\/index.php\/wp-json\/wp\/v2\/pages\/1169","targetHints":{"allow":["GET"]}}],"collection":[{"href":"https:\/\/polubownysad.pl\/index.php\/wp-json\/wp\/v2\/pages"}],"about":[{"href":"https:\/\/polubownysad.pl\/index.php\/wp-json\/wp\/v2\/types\/page"}],"author":[{"embeddable":true,"href":"https:\/\/polubownysad.pl\/index.php\/wp-json\/wp\/v2\/users\/1"}],"replies":[{"embeddable":true,"href":"https:\/\/polubownysad.pl\/index.php\/wp-json\/wp\/v2\/comments?post=1169"}],"version-history":[{"count":9,"href":"https:\/\/polubownysad.pl\/index.php\/wp-json\/wp\/v2\/pages\/1169\/revisions"}],"predecessor-version":[{"id":2658,"href":"https:\/\/polubownysad.pl\/index.php\/wp-json\/wp\/v2\/pages\/1169\/revisions\/2658"}],"wp:attachment":[{"href":"https:\/\/polubownysad.pl\/index.php\/wp-json\/wp\/v2\/media?parent=1169"}],"curies":[{"name":"wp","href":"https:\/\/api.w.org\/{rel}","templated":true}]}}